{"id":180,"date":"2025-03-06T23:58:26","date_gmt":"2025-03-06T14:58:26","guid":{"rendered":"https:\/\/minamivictorys.lsv.jp\/?page_id=180"},"modified":"2025-03-20T00:04:46","modified_gmt":"2025-03-19T15:04:46","slug":"%e4%bd%93%e9%a8%93%e3%83%bb%e8%a6%8b%e5%ad%a6%e3%81%ae%e7%94%b3%e8%be%bc%e3%81%bf","status":"publish","type":"page","link":"https:\/\/minamivictorys.lsv.jp\/?page_id=180","title":{"rendered":"\u4f53\u9a13\u30fb\u898b\u5b66\u306e\u7533\u8fbc\u307f"},"content":{"rendered":"\n<h5 class=\"wp-block-heading is-style-vk-heading-background_fill_lightgray\">\u5f53\u65e5\u306e\u6301\u3061\u7269<\/h5>\n\n\n\n<ul class=\"wp-block-list\">\n<li>\u904b\u52d5\u3067\u304d\u308b\u670d\u88c5(\u30b8\u30e3\u30fc\u30b8)<\/li>\n\n\n\n<li>\u5ba4\u5185\u5c65\u304d(\u4e0a\u5c65\u304d)<\/li>\n\n\n\n<li>\u6c34\u7b52<\/li>\n\n\n\n<li>\u30bf\u30aa\u30eb<\/li>\n<\/ul>\n\n\n\n<div style=\"height:37px\" aria-hidden=\"true\" class=\"wp-block-spacer\"><\/div>\n\n\n\n<div class=\"wpcf7 no-js\" id=\"wpcf7-f193-o1\" lang=\"ja\" dir=\"ltr\">\n<div class=\"screen-reader-response\"><p role=\"status\" aria-live=\"polite\" aria-atomic=\"true\"><\/p> <ul><\/ul><\/div>\n<form action=\"\/index.php?rest_route=%2Fwp%2Fv2%2Fpages%2F180#wpcf7-f193-o1\" method=\"post\" class=\"wpcf7-form init\" aria-label=\"\u30b3\u30f3\u30bf\u30af\u30c8\u30d5\u30a9\u30fc\u30e0\" novalidate=\"novalidate\" data-status=\"init\">\n<div style=\"display: none;\">\n<input type=\"hidden\" name=\"_wpcf7\" value=\"193\" \/>\n<input type=\"hidden\" name=\"_wpcf7_version\" value=\"5.9.3\" \/>\n<input type=\"hidden\" name=\"_wpcf7_locale\" value=\"ja\" \/>\n<input type=\"hidden\" name=\"_wpcf7_unit_tag\" value=\"wpcf7-f193-o1\" \/>\n<input type=\"hidden\" name=\"_wpcf7_container_post\" value=\"0\" \/>\n<input type=\"hidden\" name=\"_wpcf7_posted_data_hash\" value=\"\" \/>\n<\/div>\n<table class=\"CF7_table\">\n\t<tr>\n\t\t<th align=\"left\">\n\t\t\t<p><span class=\"CF7_req\">\u5fc5\u9808<\/span> \u540d\u524d\n\t\t\t<\/p>\n\t\t<\/th>\n\t\t<td>\n\t\t\t<p><span class=\"wpcf7-form-control-wrap\" data-name=\"your-name\"><input size=\"40\" class=\"wpcf7-form-control wpcf7-text wpcf7-validates-as-required\" aria-required=\"true\" aria-invalid=\"false\" placeholder=\"\u4f8b\uff1a\u3042\u306a\u305f\u306e\u304a\u540d\u524d\" value=\"\" type=\"text\" name=\"your-name\" \/><\/span>\n\t\t\t<\/p>\n\t\t<\/td>\n\t<\/tr>\n\t<tr>\n\t\t<th align=\"left\">\n\t\t\t<p><span class=\"CF7_req\">\u5fc5\u9808<\/span> \u3075\u308a\u304c\u306a\n\t\t\t<\/p>\n\t\t<\/th>\n\t\t<td>\n\t\t\t<p><span class=\"wpcf7-form-control-wrap\" data-name=\"your-kana\"><input size=\"40\" class=\"wpcf7-form-control wpcf7-text wpcf7-validates-as-required\" aria-required=\"true\" aria-invalid=\"false\" placeholder=\"\u4f8b\uff1a\u540d\u524d\u306e\u3075\u308a\u304c\u306a\" value=\"\" type=\"text\" name=\"your-kana\" \/><\/span>\n\t\t\t<\/p>\n\t\t<\/td>\n\t<\/tr>\n\t<tr>\n\t\t<th align=\"left\">\n\t\t\t<p><span class=\"CF7_req\">\u5fc5\u9808<\/span> \u30e1\u30fc\u30eb\u30a2\u30c9\u30ec\u30b9\n\t\t\t<\/p>\n\t\t<\/th>\n\t\t<td>\n\t\t\t<p><span class=\"wpcf7-form-control-wrap\" data-name=\"your-email\"><input size=\"40\" class=\"wpcf7-form-control wpcf7-email wpcf7-validates-as-required wpcf7-text wpcf7-validates-as-email\" aria-required=\"true\" aria-invalid=\"false\" placeholder=\"\u4f8b\uff1a\u00d7\u00d7\u00d7@\u00d7\u00d7\u00d7.com\" value=\"\" type=\"email\" name=\"your-email\" \/><\/span>\n\t\t\t<\/p>\n\t\t<\/td>\n\t<\/tr>\n\t<tr>\n\t\t<th align=\"left\">\n\t\t\t<p><span class=\"CF7_req\">\u5fc5\u9808<\/span>\u96fb\u8a71\u756a\u53f7\n\t\t\t<\/p>\n\t\t<\/th>\n\t\t<td>\n\t\t\t<p><span class=\"wpcf7-form-control-wrap\" data-name=\"your-tel\"><input size=\"40\" class=\"wpcf7-form-control wpcf7-text wpcf7-validates-as-required\" aria-required=\"true\" aria-invalid=\"false\" placeholder=\"\u4f8b\uff1a03-1234-5678\" value=\"\" type=\"text\" name=\"your-tel\" \/><\/span>\n\t\t\t<\/p>\n\t\t<\/td>\n\t<\/tr>\n\t<tr>\n\t\t<th align=\"left\">\n\t\t\t<p><span class=\"CF7_unreq\">\u4efb\u610f<\/span>\u5b66\u6821\u540d\n\t\t\t<\/p>\n\t\t<\/th>\n\t\t<td>\n\t\t\t<p><span class=\"wpcf7-form-control-wrap\" data-name=\"your-company\"><input size=\"40\" class=\"wpcf7-form-control wpcf7-text\" aria-invalid=\"false\" placeholder=\"\u4f8b\uff1a\u25ef\u25ef\u5c0f\u5b66\u6821\" value=\"\" type=\"text\" name=\"your-company\" \/><\/span>\n\t\t\t<\/p>\n\t\t<\/td>\n\t<\/tr>\n\t<tr>\n\t\t<th align=\"left\">\n\t\t\t<p><span class=\"CF7_unreq\">\u4efb\u610f<\/span>\u5b66\u5e74\n\t\t\t<\/p>\n\t\t<\/th>\n\t\t<td>\n\t\t\t<p><span class=\"wpcf7-form-control-wrap\" data-name=\"dpmenu\"><select class=\"wpcf7-form-control wpcf7-select wpcf7-validates-as-required\" aria-required=\"true\" aria-invalid=\"false\" name=\"dpmenu\"><option value=\"\">&#8212;\u4ee5\u4e0b\u304b\u3089\u9078\u629e\u3057\u3066\u304f\u3060\u3055\u3044&#8212;<\/option><option value=\"1\">1<\/option><option value=\"2\">2<\/option><option value=\"3\">3<\/option><option value=\"4\">4<\/option><option value=\"5\">5<\/option><option value=\"6\">6<\/option><\/select><\/span>\n\t\t\t<\/p>\n\t\t<\/td>\n\t<\/tr>\n\t<tr>\n\t\t<th align=\"left\">\n\t\t\t<p><span class=\"CF7_req\">\u5fc5\u9808<\/span>\u5e0c\u671b\u65e5\n\t\t\t<\/p>\n\t\t<\/th>\n\t\t<td>\n\t\t\t<p><span class=\"pcdate\">\u30a2\u30a4\u30b3\u30f3\u3092\u30af\u30ea\u30c3\u30af\u3057\u3066\u304f\u3060\u3055\u3044<\/span><span class=\"spdate\">\u30d5\u30a9\u30fc\u30e0\u3092\u30bf\u30c3\u30d7\u3057\u3066\u304f\u3060\u3055\u3044<\/span><span class=\"wpcf7-form-control-wrap\" data-name=\"your-date\"><input class=\"wpcf7-form-control wpcf7-date wpcf7-validates-as-required wpcf7-validates-as-date dateform\" min=\"2024-02-01\" max=\"2030-03-31\" aria-required=\"true\" aria-invalid=\"false\" value=\"\" type=\"date\" name=\"your-date\" \/><\/span>\n\t\t\t<\/p>\n\t\t<\/td>\n\t<\/tr>\n\t<tr>\n\t\t<th align=\"left\">\n\t\t\t<p><span class=\"CF7_unreq\">\u4efb\u610f<\/span>\u5099\u8003\n\t\t\t<\/p>\n\t\t<\/th>\n\t\t<td class=\"message-100\">\n\t\t\t<p><span class=\"wpcf7-form-control-wrap\" data-name=\"your-message\"><textarea cols=\"40\" rows=\"10\" class=\"wpcf7-form-control wpcf7-textarea wpcf7-validates-as-required\" aria-required=\"true\" aria-invalid=\"false\" placeholder=\"\u304a\u4f1d\u3048\u3057\u305f\u3044\u3053\u3068\u304c\u3042\u308c\u3070\u5185\u5bb9\u3092\u3054\u8a18\u5165\u304f\u3060\u3055\u3044\" name=\"your-message\"><\/textarea><\/span>\u3000\n\t\t\t<\/p>\n\t\t<\/td>\n\t<\/tr>\n<\/table>\n<p class=\"CF7_btn\"><input class=\"wpcf7-form-control wpcf7-submit has-spinner\" type=\"submit\" value=\"\u9001\u4fe1\u3059\u308b\" \/>\n<\/p><div class=\"wpcf7-response-output\" aria-hidden=\"true\"><\/div>\n<\/form>\n<\/div>\n\n","protected":false},"excerpt":{"rendered":"<p>\u5f53\u65e5\u306e\u6301\u3061\u7269<\/p>\n","protected":false},"author":1,"featured_media":0,"parent":0,"menu_order":0,"comment_status":"closed","ping_status":"closed","template":"","meta":{"om_disable_all_campaigns":false,"_monsterinsights_skip_tracking":false,"_monsterinsights_sitenote_active":false,"_monsterinsights_sitenote_note":"","_monsterinsights_sitenote_category":0,"vkexunit_cta_each_option":"","footnotes":""},"class_list":["post-180","page","type-page","status-publish","hentry"],"aioseo_notices":[],"_links":{"self":[{"href":"https:\/\/minamivictorys.lsv.jp\/index.php?rest_route=\/wp\/v2\/pages\/180","targetHints":{"allow":["GET"]}}],"collection":[{"href":"https:\/\/minamivictorys.lsv.jp\/index.php?rest_route=\/wp\/v2\/pages"}],"about":[{"href":"https:\/\/minamivictorys.lsv.jp\/index.php?rest_route=\/wp\/v2\/types\/page"}],"author":[{"embeddable":true,"href":"https:\/\/minamivictorys.lsv.jp\/index.php?rest_route=\/wp\/v2\/users\/1"}],"replies":[{"embeddable":true,"href":"https:\/\/minamivictorys.lsv.jp\/index.php?rest_route=%2Fwp%2Fv2%2Fcomments&post=180"}],"version-history":[{"count":11,"href":"https:\/\/minamivictorys.lsv.jp\/index.php?rest_route=\/wp\/v2\/pages\/180\/revisions"}],"predecessor-version":[{"id":297,"href":"https:\/\/minamivictorys.lsv.jp\/index.php?rest_route=\/wp\/v2\/pages\/180\/revisions\/297"}],"wp:attachment":[{"href":"https:\/\/minamivictorys.lsv.jp\/index.php?rest_route=%2Fwp%2Fv2%2Fmedia&parent=180"}],"curies":[{"name":"wp","href":"https:\/\/api.w.org\/{rel}","templated":true}]}}